{"id":2802,"date":"2024-01-31T13:22:38","date_gmt":"2024-01-31T13:22:38","guid":{"rendered":"https:\/\/newdev8.accounted.ae\/product\/enterprise-package\/"},"modified":"2024-02-20T10:25:39","modified_gmt":"2024-02-20T10:25:39","slug":"enterprise-package","status":"publish","type":"product","link":"https:\/\/newdev8.accounted.ae\/de\/produkt\/enterprise-package\/","title":{"rendered":"Unternehmenspaket"},"content":{"rendered":"","protected":false},"excerpt":{"rendered":"","protected":false},"featured_media":2619,"template":"","meta":{"_acf_changed":false},"product_brand":[],"product_cat":[52],"product_tag":[],"class_list":{"0":"post-2802","1":"product","2":"type-product","3":"status-publish","4":"has-post-thumbnail","6":"product_cat-paket","8":"first","9":"instock","10":"sale","11":"virtual","12":"purchasable","13":"product-type-bundle"},"bundled_by":[],"bundle_stock_status":"instock","bundle_stock_quantity":"","bundle_virtual":true,"bundle_layout":"default","bundle_add_to_cart_form_location":"default","bundle_editable_in_cart":false,"bundle_sold_individually_context":"product","bundle_item_grouping":"parent","bundle_min_size":"","bundle_max_size":"","bundle_price":{"price":{"min":{"incl_tax":"11950","excl_tax":"11950"},"max":{"incl_tax":"11950","excl_tax":"11950"}},"regular_price":{"min":{"incl_tax":"11950","excl_tax":"11950"},"max":{"incl_tax":"11950","excl_tax":"11950"}}},"bundled_items":[{"bundled_item_id":66,"product_id":2774,"menu_order":0,"quantity_min":1,"quantity_max":1,"quantity_default":1,"priced_individually":true,"shipped_individually":true,"override_title":false,"title":"Gewerbeschein","override_description":false,"description":"Gewerbeschein","optional":false,"hide_thumbnail":false,"discount":"","override_variations":false,"allowed_variations":[""],"override_default_variation_attributes":false,"default_variation_attributes":[],"single_product_visibility":"hidden","cart_visibility":"hidden","order_visibility":"hidden","single_product_price_visibility":"visible","cart_price_visibility":"visible","order_price_visibility":"visible","stock_status":"in_stock"},{"bundled_item_id":67,"product_id":2776,"menu_order":1,"quantity_min":1,"quantity_max":1,"quantity_default":1,"priced_individually":true,"shipped_individually":true,"override_title":false,"title":"Einrichtungskarte","override_description":false,"description":"Einrichtungskarte","optional":false,"hide_thumbnail":false,"discount":"","override_variations":false,"allowed_variations":[""],"override_default_variation_attributes":false,"default_variation_attributes":[],"single_product_visibility":"hidden","cart_visibility":"hidden","order_visibility":"hidden","single_product_price_visibility":"visible","cart_price_visibility":"visible","order_price_visibility":"visible","stock_status":"in_stock"},{"bundled_item_id":68,"product_id":2777,"menu_order":2,"quantity_min":2,"quantity_max":2,"quantity_default":2,"priced_individually":true,"shipped_individually":true,"override_title":false,"title":"Visazuteilung","override_description":false,"description":"Visazuteilung","optional":false,"hide_thumbnail":false,"discount":"","override_variations":false,"allowed_variations":[""],"override_default_variation_attributes":false,"default_variation_attributes":[],"single_product_visibility":"hidden","cart_visibility":"hidden","order_visibility":"hidden","single_product_price_visibility":"visible","cart_price_visibility":"visible","order_price_visibility":"visible","stock_status":"in_stock"},{"bundled_item_id":69,"product_id":2789,"menu_order":3,"quantity_min":2,"quantity_max":2,"quantity_default":2,"priced_individually":true,"shipped_individually":true,"override_title":false,"title":"Investorenvisum","override_description":false,"description":"Investorenvisum","optional":false,"hide_thumbnail":false,"discount":"","override_variations":false,"allowed_variations":[""],"override_default_variation_attributes":false,"default_variation_attributes":[],"single_product_visibility":"hidden","cart_visibility":"hidden","order_visibility":"hidden","single_product_price_visibility":"visible","cart_price_visibility":"visible","order_price_visibility":"visible","stock_status":"in_stock"},{"bundled_item_id":70,"product_id":2794,"menu_order":4,"quantity_min":2,"quantity_max":2,"quantity_default":2,"priced_individually":true,"shipped_individually":true,"override_title":false,"title":"VIP Medizinische Untersuchung &#038; Emirates ID Unterst\u00fctzung","override_description":false,"description":"VIP Medizinische Untersuchung &#038; Emirates ID Unterst\u00fctzung","optional":false,"hide_thumbnail":false,"discount":"","override_variations":false,"allowed_variations":[""],"override_default_variation_attributes":false,"default_variation_attributes":[],"single_product_visibility":"hidden","cart_visibility":"hidden","order_visibility":"hidden","single_product_price_visibility":"visible","cart_price_visibility":"visible","order_price_visibility":"visible","stock_status":"in_stock"},{"bundled_item_id":71,"product_id":2795,"menu_order":5,"quantity_min":2,"quantity_max":2,"quantity_default":2,"priced_individually":true,"shipped_individually":true,"override_title":false,"title":"Visa-Status\u00e4nderung","override_description":false,"description":"Visa-Status\u00e4nderung","optional":false,"hide_thumbnail":false,"discount":"","override_variations":false,"allowed_variations":[""],"override_default_variation_attributes":false,"default_variation_attributes":[],"single_product_visibility":"hidden","cart_visibility":"hidden","order_visibility":"hidden","single_product_price_visibility":"visible","cart_price_visibility":"visible","order_price_visibility":"visible","stock_status":"in_stock"},{"bundled_item_id":72,"product_id":2796,"menu_order":6,"quantity_min":2,"quantity_max":2,"quantity_default":2,"priced_individually":true,"shipped_individually":true,"override_title":false,"title":"Er\u00f6ffnung eines Gesch\u00e4ftskontos","override_description":false,"description":"Er\u00f6ffnung eines Gesch\u00e4ftskontos","optional":false,"hide_thumbnail":false,"discount":"","override_variations":false,"allowed_variations":[""],"override_default_variation_attributes":false,"default_variation_attributes":[],"single_product_visibility":"hidden","cart_visibility":"hidden","order_visibility":"hidden","single_product_price_visibility":"visible","cart_price_visibility":"visible","order_price_visibility":"visible","stock_status":"in_stock"},{"bundled_item_id":73,"product_id":2798,"menu_order":7,"quantity_min":1,"quantity_max":1,"quantity_default":1,"priced_individually":true,"shipped_individually":true,"override_title":false,"title":"Webdesign &#038; Hosting","override_description":false,"description":"Webdesign &#038; Hosting","optional":false,"hide_thumbnail":false,"discount":"","override_variations":false,"allowed_variations":[""],"override_default_variation_attributes":false,"default_variation_attributes":[],"single_product_visibility":"hidden","cart_visibility":"hidden","order_visibility":"hidden","single_product_price_visibility":"visible","cart_price_visibility":"visible","order_price_visibility":"visible","stock_status":"in_stock"},{"bundled_item_id":74,"product_id":2800,"menu_order":8,"quantity_min":1,"quantity_max":1,"quantity_default":1,"priced_individually":true,"shipped_individually":true,"override_title":false,"title":"Buchhaltung Enterprise Paket","override_description":false,"description":"Buchhaltung Enterprise Paket","optional":false,"hide_thumbnail":false,"discount":"44.6808","override_variations":false,"allowed_variations":[""],"override_default_variation_attributes":false,"default_variation_attributes":[],"single_product_visibility":"hidden","cart_visibility":"hidden","order_visibility":"hidden","single_product_price_visibility":"visible","cart_price_visibility":"visible","order_price_visibility":"visible","stock_status":"in_stock"},{"bundled_item_id":75,"product_id":2792,"menu_order":9,"quantity_min":1,"quantity_max":1,"quantity_default":1,"priced_individually":true,"shipped_individually":true,"override_title":false,"title":"Corporate Identity Package  (DE)","override_description":false,"description":"Corporate Identity Package  (DE)","optional":false,"hide_thumbnail":false,"discount":"","override_variations":false,"allowed_variations":[""],"override_default_variation_attributes":false,"default_variation_attributes":[],"single_product_visibility":"hidden","cart_visibility":"hidden","order_visibility":"hidden","single_product_price_visibility":"visible","cart_price_visibility":"visible","order_price_visibility":"visible","stock_status":"in_stock"}],"bundle_sell_ids":[],"acf":[],"yoast_head":"<!-- This site is optimized with the Yoast SEO plugin v27.3 - https:\/\/yoast.com\/product\/yoast-seo-wordpress\/ -->\n<title>Unternehmensgr\u00fcndung in Dubai: Unternehmens-Paket<\/title>\n<meta name=\"description\" content=\"Unternehmensgr\u00fcndung in Dubai: Gewerbeschein, Visum, Bankkonto &amp; mehr. Optimieren Sie Ihre Unternehmensgr\u00fcndung mit dem All-inclusive-Paket von Accounted.\" \/>\n<meta name=\"robots\" content=\"noindex, follow, max-snippet:-1, max-image-preview:large, max-video-preview:-1\" \/>\n<meta property=\"og:locale\" content=\"de_DE\" \/>\n<meta property=\"og:type\" content=\"article\" \/>\n<meta property=\"og:title\" content=\"Unternehmensgr\u00fcndung in Dubai: Unternehmens-Paket\" \/>\n<meta property=\"og:description\" content=\"Unternehmensgr\u00fcndung in Dubai: Gewerbeschein, Visum, Bankkonto &amp; mehr. Optimieren Sie Ihre Unternehmensgr\u00fcndung mit dem All-inclusive-Paket von Accounted.\" \/>\n<meta property=\"og:url\" content=\"https:\/\/newdev8.accounted.ae\/de\/produkt\/enterprise-package\/\" \/>\n<meta property=\"og:site_name\" content=\"Accounted AE\" \/>\n<meta property=\"article:modified_time\" content=\"2024-02-20T10:25:39+00:00\" \/>\n<meta property=\"og:image\" content=\"https:\/\/newdev8.accounted.ae\/wp-content\/uploads\/2024\/01\/dubai3.webp\" \/>\n\t<meta property=\"og:image:width\" content=\"333\" \/>\n\t<meta property=\"og:image:height\" content=\"460\" \/>\n\t<meta property=\"og:image:type\" content=\"image\/webp\" \/>\n<meta name=\"twitter:card\" content=\"summary_large_image\" \/>\n<meta name=\"twitter:label1\" content=\"Gesch\u00e4tzte Lesezeit\" \/>\n\t<meta name=\"twitter:data1\" content=\"1\u00a0Minute\" \/>\n<script type=\"application\/ld+json\" class=\"yoast-schema-graph\">{\"@context\":\"https:\\\/\\\/schema.org\",\"@graph\":[{\"@type\":\"WebPage\",\"@id\":\"https:\\\/\\\/newdev8.accounted.ae\\\/de\\\/produkt\\\/enterprise-package\\\/\",\"url\":\"https:\\\/\\\/newdev8.accounted.ae\\\/de\\\/produkt\\\/enterprise-package\\\/\",\"name\":\"Unternehmensgr\u00fcndung in Dubai: Unternehmens-Paket\",\"isPartOf\":{\"@id\":\"https:\\\/\\\/newdev8.accounted.ae\\\/de\\\/#website\"},\"primaryImageOfPage\":{\"@id\":\"https:\\\/\\\/newdev8.accounted.ae\\\/de\\\/produkt\\\/enterprise-package\\\/#primaryimage\"},\"image\":{\"@id\":\"https:\\\/\\\/newdev8.accounted.ae\\\/de\\\/produkt\\\/enterprise-package\\\/#primaryimage\"},\"thumbnailUrl\":\"https:\\\/\\\/newdev8.accounted.ae\\\/wp-content\\\/uploads\\\/2024\\\/01\\\/dubai3.webp\",\"datePublished\":\"2024-01-31T13:22:38+00:00\",\"dateModified\":\"2024-02-20T10:25:39+00:00\",\"description\":\"Unternehmensgr\u00fcndung in Dubai: Gewerbeschein, Visum, Bankkonto & mehr. Optimieren Sie Ihre Unternehmensgr\u00fcndung mit dem All-inclusive-Paket von Accounted.\",\"breadcrumb\":{\"@id\":\"https:\\\/\\\/newdev8.accounted.ae\\\/de\\\/produkt\\\/enterprise-package\\\/#breadcrumb\"},\"inLanguage\":\"de\",\"potentialAction\":[{\"@type\":\"ReadAction\",\"target\":[\"https:\\\/\\\/newdev8.accounted.ae\\\/de\\\/produkt\\\/enterprise-package\\\/\"]}]},{\"@type\":\"ImageObject\",\"inLanguage\":\"de\",\"@id\":\"https:\\\/\\\/newdev8.accounted.ae\\\/de\\\/produkt\\\/enterprise-package\\\/#primaryimage\",\"url\":\"https:\\\/\\\/newdev8.accounted.ae\\\/wp-content\\\/uploads\\\/2024\\\/01\\\/dubai3.webp\",\"contentUrl\":\"https:\\\/\\\/newdev8.accounted.ae\\\/wp-content\\\/uploads\\\/2024\\\/01\\\/dubai3.webp\",\"width\":333,\"height\":460},{\"@type\":\"BreadcrumbList\",\"@id\":\"https:\\\/\\\/newdev8.accounted.ae\\\/de\\\/produkt\\\/enterprise-package\\\/#breadcrumb\",\"itemListElement\":[{\"@type\":\"ListItem\",\"position\":1,\"name\":\"Home\",\"item\":\"https:\\\/\\\/newdev8.accounted.ae\\\/de\\\/\"},{\"@type\":\"ListItem\",\"position\":2,\"name\":\"Shop\",\"item\":\"https:\\\/\\\/newdev8.accounted.ae\\\/shop\\\/\"},{\"@type\":\"ListItem\",\"position\":3,\"name\":\"Unternehmenspaket\"}]},{\"@type\":\"WebSite\",\"@id\":\"https:\\\/\\\/newdev8.accounted.ae\\\/de\\\/#website\",\"url\":\"https:\\\/\\\/newdev8.accounted.ae\\\/de\\\/\",\"name\":\"Accounted AE\",\"description\":\"\",\"publisher\":{\"@id\":\"https:\\\/\\\/newdev8.accounted.ae\\\/de\\\/#organization\"},\"potentialAction\":[{\"@type\":\"SearchAction\",\"target\":{\"@type\":\"EntryPoint\",\"urlTemplate\":\"https:\\\/\\\/newdev8.accounted.ae\\\/de\\\/?s={search_term_string}\"},\"query-input\":{\"@type\":\"PropertyValueSpecification\",\"valueRequired\":true,\"valueName\":\"search_term_string\"}}],\"inLanguage\":\"de\"},{\"@type\":\"Organization\",\"@id\":\"https:\\\/\\\/newdev8.accounted.ae\\\/de\\\/#organization\",\"name\":\"Accounted AE\",\"url\":\"https:\\\/\\\/newdev8.accounted.ae\\\/de\\\/\",\"logo\":{\"@type\":\"ImageObject\",\"inLanguage\":\"de\",\"@id\":\"https:\\\/\\\/newdev8.accounted.ae\\\/de\\\/#\\\/schema\\\/logo\\\/image\\\/\",\"url\":\"https:\\\/\\\/newdev8.accounted.ae\\\/wp-content\\\/uploads\\\/2024\\\/02\\\/logo21.webp\",\"contentUrl\":\"https:\\\/\\\/newdev8.accounted.ae\\\/wp-content\\\/uploads\\\/2024\\\/02\\\/logo21.webp\",\"width\":225,\"height\":30,\"caption\":\"Accounted AE\"},\"image\":{\"@id\":\"https:\\\/\\\/newdev8.accounted.ae\\\/de\\\/#\\\/schema\\\/logo\\\/image\\\/\"}}]}<\/script>\n<!-- \/ Yoast SEO plugin. -->","yoast_head_json":{"title":"Unternehmensgr\u00fcndung in Dubai: Unternehmens-Paket","description":"Unternehmensgr\u00fcndung in Dubai: Gewerbeschein, Visum, Bankkonto & mehr. Optimieren Sie Ihre Unternehmensgr\u00fcndung mit dem All-inclusive-Paket von Accounted.","robots":{"index":"noindex","follow":"follow","max-snippet":"max-snippet:-1","max-image-preview":"max-image-preview:large","max-video-preview":"max-video-preview:-1"},"og_locale":"de_DE","og_type":"article","og_title":"Unternehmensgr\u00fcndung in Dubai: Unternehmens-Paket","og_description":"Unternehmensgr\u00fcndung in Dubai: Gewerbeschein, Visum, Bankkonto & mehr. Optimieren Sie Ihre Unternehmensgr\u00fcndung mit dem All-inclusive-Paket von Accounted.","og_url":"https:\/\/newdev8.accounted.ae\/de\/produkt\/enterprise-package\/","og_site_name":"Accounted AE","article_modified_time":"2024-02-20T10:25:39+00:00","og_image":[{"width":333,"height":460,"url":"https:\/\/newdev8.accounted.ae\/wp-content\/uploads\/2024\/01\/dubai3.webp","type":"image\/webp"}],"twitter_card":"summary_large_image","twitter_misc":{"Gesch\u00e4tzte Lesezeit":"1\u00a0Minute"},"schema":{"@context":"https:\/\/schema.org","@graph":[{"@type":"WebPage","@id":"https:\/\/newdev8.accounted.ae\/de\/produkt\/enterprise-package\/","url":"https:\/\/newdev8.accounted.ae\/de\/produkt\/enterprise-package\/","name":"Unternehmensgr\u00fcndung in Dubai: Unternehmens-Paket","isPartOf":{"@id":"https:\/\/newdev8.accounted.ae\/de\/#website"},"primaryImageOfPage":{"@id":"https:\/\/newdev8.accounted.ae\/de\/produkt\/enterprise-package\/#primaryimage"},"image":{"@id":"https:\/\/newdev8.accounted.ae\/de\/produkt\/enterprise-package\/#primaryimage"},"thumbnailUrl":"https:\/\/newdev8.accounted.ae\/wp-content\/uploads\/2024\/01\/dubai3.webp","datePublished":"2024-01-31T13:22:38+00:00","dateModified":"2024-02-20T10:25:39+00:00","description":"Unternehmensgr\u00fcndung in Dubai: Gewerbeschein, Visum, Bankkonto & mehr. Optimieren Sie Ihre Unternehmensgr\u00fcndung mit dem All-inclusive-Paket von Accounted.","breadcrumb":{"@id":"https:\/\/newdev8.accounted.ae\/de\/produkt\/enterprise-package\/#breadcrumb"},"inLanguage":"de","potentialAction":[{"@type":"ReadAction","target":["https:\/\/newdev8.accounted.ae\/de\/produkt\/enterprise-package\/"]}]},{"@type":"ImageObject","inLanguage":"de","@id":"https:\/\/newdev8.accounted.ae\/de\/produkt\/enterprise-package\/#primaryimage","url":"https:\/\/newdev8.accounted.ae\/wp-content\/uploads\/2024\/01\/dubai3.webp","contentUrl":"https:\/\/newdev8.accounted.ae\/wp-content\/uploads\/2024\/01\/dubai3.webp","width":333,"height":460},{"@type":"BreadcrumbList","@id":"https:\/\/newdev8.accounted.ae\/de\/produkt\/enterprise-package\/#breadcrumb","itemListElement":[{"@type":"ListItem","position":1,"name":"Home","item":"https:\/\/newdev8.accounted.ae\/de\/"},{"@type":"ListItem","position":2,"name":"Shop","item":"https:\/\/newdev8.accounted.ae\/shop\/"},{"@type":"ListItem","position":3,"name":"Unternehmenspaket"}]},{"@type":"WebSite","@id":"https:\/\/newdev8.accounted.ae\/de\/#website","url":"https:\/\/newdev8.accounted.ae\/de\/","name":"Accounted AE","description":"","publisher":{"@id":"https:\/\/newdev8.accounted.ae\/de\/#organization"},"potentialAction":[{"@type":"SearchAction","target":{"@type":"EntryPoint","urlTemplate":"https:\/\/newdev8.accounted.ae\/de\/?s={search_term_string}"},"query-input":{"@type":"PropertyValueSpecification","valueRequired":true,"valueName":"search_term_string"}}],"inLanguage":"de"},{"@type":"Organization","@id":"https:\/\/newdev8.accounted.ae\/de\/#organization","name":"Accounted AE","url":"https:\/\/newdev8.accounted.ae\/de\/","logo":{"@type":"ImageObject","inLanguage":"de","@id":"https:\/\/newdev8.accounted.ae\/de\/#\/schema\/logo\/image\/","url":"https:\/\/newdev8.accounted.ae\/wp-content\/uploads\/2024\/02\/logo21.webp","contentUrl":"https:\/\/newdev8.accounted.ae\/wp-content\/uploads\/2024\/02\/logo21.webp","width":225,"height":30,"caption":"Accounted AE"},"image":{"@id":"https:\/\/newdev8.accounted.ae\/de\/#\/schema\/logo\/image\/"}}]}},"_links":{"self":[{"href":"https:\/\/newdev8.accounted.ae\/de\/wp-json\/wp\/v2\/product\/2802","targetHints":{"allow":["GET"]}}],"collection":[{"href":"https:\/\/newdev8.accounted.ae\/de\/wp-json\/wp\/v2\/product"}],"about":[{"href":"https:\/\/newdev8.accounted.ae\/de\/wp-json\/wp\/v2\/types\/product"}],"wp:featuredmedia":[{"embeddable":true,"href":"https:\/\/newdev8.accounted.ae\/de\/wp-json\/wp\/v2\/media\/2619"}],"wp:attachment":[{"href":"https:\/\/newdev8.accounted.ae\/de\/wp-json\/wp\/v2\/media?parent=2802"}],"wp:term":[{"taxonomy":"product_brand","embeddable":true,"href":"https:\/\/newdev8.accounted.ae\/de\/wp-json\/wp\/v2\/product_brand?post=2802"},{"taxonomy":"product_cat","embeddable":true,"href":"https:\/\/newdev8.accounted.ae\/de\/wp-json\/wp\/v2\/product_cat?post=2802"},{"taxonomy":"product_tag","embeddable":true,"href":"https:\/\/newdev8.accounted.ae\/de\/wp-json\/wp\/v2\/product_tag?post=2802"}],"curies":[{"name":"wp","href":"https:\/\/api.w.org\/{rel}","templated":true}]}}